{"id":3,"date":"2026-03-15T08:05:49","date_gmt":"2026-03-15T08:05:49","guid":{"rendered":"http:\/\/cardcun.com\/?page_id=3"},"modified":"2026-04-10T13:49:37","modified_gmt":"2026-04-10T18:49:37","slug":"privacy-policy","status":"publish","type":"page","link":"https:\/\/cardcun.com\/en\/privacy-policy\/","title":{"rendered":"Privacy Policy"},"content":{"rendered":"<div data-elementor-type=\"wp-page\" data-elementor-id=\"3\" class=\"elementor elementor-3\" data-elementor-post-type=\"page\">\n\t\t\t\t\t\t<div class=\"elementor-element elementor-element-277a015 e-con e-atomic-element e-flexbox-base e-277a015-3d29e57\" data-id=\"277a015\" data-element_type=\"e-flexbox\" data-e-type=\"e-flexbox\" data-interaction-id=\"277a015\">\n\t\t\t\t<div class=\"elementor-element elementor-element-ebbbea9 e-con e-atomic-element e-flexbox-base e-ebbbea9-3280b57\" data-id=\"ebbbea9\" data-element_type=\"e-flexbox\" data-e-type=\"e-flexbox\" data-interaction-id=\"ebbbea9\">\n\t\t\t\t<div class=\"elementor-element elementor-element-5f87f13 e-con e-atomic-element e-div-block-base e-5f87f13-b236d97\" data-id=\"5f87f13\" data-element_type=\"e-div-block\" data-e-type=\"e-div-block\" data-interaction-id=\"5f87f13\">\n\t\t\t\t\t\t\t<h2 \n\t\tdata-interaction-id=\"796821f\" \n\t\tclass=\"converted-class-1 e-796821f-3c40892 e-heading-base\" \n\t\t \n\t\tdata-e-type=\"widget\" data-id=\"796821f\"\n\t>\n\t\n\t\t\t\ud83d\udd10 POL\u00cdTICA DE PRIVACIDAD \u2013 CARDCUN\n\t\t<\/h2>\n\t\t\t\t\t\t\t\t<p class=\"e-2645b00-4f5c12f e-paragraph-base\" data-interaction-id=\"2645b00\"  data-e-type=\"widget\" data-id=\"2645b00\">\n\t\t\t\t\t\t\t\t<strong id=\"e-mnt9fdla-zvlrhm1\">1. INFORMACI\u00d3N QUE RECOPILAMOS<\/strong><br>Recopilamos:NombreDirecci\u00f3nCorreo electr\u00f3nicoTel\u00e9fonoDatos de pago (procesados por Mercado Pago)<br><br><strong id=\"e-mnt9fdla-fj4563g\">2. USO DE LA INFORMACI\u00d3N<\/strong><br>Utilizamos su informaci\u00f3n para:Procesar pedidosEnviar productosContactarloMejorar el servicio<br><br><strong id=\"e-mnt9fdla-2di3ghy\">3. PROTECCI\u00d3N DE DATOS<\/strong><br>Implementamos medidas de seguridad para proteger su informaci\u00f3n.Los pagos son procesados de forma segura por <strong id=\"e-mnt9fdla-491bz5z\">Mercado Pago<\/strong>.<br><br><strong id=\"e-mnt9fdla-zszyr6h\">4. COMPARTIR INFORMACI\u00d3N<\/strong><br>No vendemos ni compartimos su informaci\u00f3n personal, excepto cuando sea necesario para:Procesar pagosRealizar env\u00edosCumplir obligaciones legales<br><br><strong id=\"e-mnt9fdla-65say7k\">5. COOKIES<\/strong><br>Usamos cookies para mejorar la experiencia del usuario y analizar tr\u00e1fico.<br><br><strong id=\"e-mnt9fdla-6j0zqso\">6. DERECHOS DEL USUARIO<\/strong><br>Puede solicitar:Acceso a sus datosCorrecci\u00f3n o eliminaci\u00f3nContactando a: info@cardcun.com<br><br><strong id=\"e-mnt9fdla-j9ic7ts\">7. CAMBIOS A LA POL\u00cdTICA<\/strong><br>Nos reservamos el derecho de modificar esta pol\u00edtica en cualquier momento.<br><br><strong id=\"e-mnt9fdla-axlydtv\">8. CONTACTO<\/strong><br>Para dudas sobre privacidad:<br>\ud83d\udce7 info@cardcun.com\n\t\t\t\t\t<\/p>\n\t\t\t\t<\/div>\n\t\t\t\t<\/div>\n\t\t\t\t<\/div>\n\t\t\t\t<\/div>","protected":false},"excerpt":{"rendered":"<p>\ud83d\udd10 POL\u00cdTICA DE PRIVACIDAD \u2013 CARDCUN 1. INFORMACI\u00d3N QUE RECOPILAMOSRecopilamos:NombreDirecci\u00f3nCorreo electr\u00f3nicoTel\u00e9fonoDatos de pago (procesados por Mercado Pago) 2. USO DE LA INFORMACI\u00d3NUtilizamos su informaci\u00f3n para:Procesar pedidosEnviar productosContactarloMejorar el servicio 3. PROTECCI\u00d3N DE DATOSImplementamos medidas de seguridad para proteger su informaci\u00f3n.Los pagos son procesados de forma segura por Mercado Pago. 4. COMPARTIR INFORMACI\u00d3NNo vendemos ni compartimos [&hellip;]<\/p>\n","protected":false},"author":3,"featured_media":0,"parent":0,"menu_order":0,"comment_status":"closed","ping_status":"closed","template":"","meta":{"footnotes":""},"class_list":["post-3","page","type-page","status-publish","hentry"],"_links":{"self":[{"href":"https:\/\/cardcun.com\/en\/wp-json\/wp\/v2\/pages\/3","targetHints":{"allow":["GET"]}}],"collection":[{"href":"https:\/\/cardcun.com\/en\/wp-json\/wp\/v2\/pages"}],"about":[{"href":"https:\/\/cardcun.com\/en\/wp-json\/wp\/v2\/types\/page"}],"author":[{"embeddable":true,"href":"https:\/\/cardcun.com\/en\/wp-json\/wp\/v2\/users\/3"}],"replies":[{"embeddable":true,"href":"https:\/\/cardcun.com\/en\/wp-json\/wp\/v2\/comments?post=3"}],"version-history":[{"count":4,"href":"https:\/\/cardcun.com\/en\/wp-json\/wp\/v2\/pages\/3\/revisions"}],"predecessor-version":[{"id":2767,"href":"https:\/\/cardcun.com\/en\/wp-json\/wp\/v2\/pages\/3\/revisions\/2767"}],"wp:attachment":[{"href":"https:\/\/cardcun.com\/en\/wp-json\/wp\/v2\/media?parent=3"}],"curies":[{"name":"wp","href":"https:\/\/api.w.org\/{rel}","templated":true}]}}