{"id":2748,"date":"2026-04-10T13:25:23","date_gmt":"2026-04-10T18:25:23","guid":{"rendered":"https:\/\/cardcun.com\/?page_id=2748"},"modified":"2026-04-10T13:27:54","modified_gmt":"2026-04-10T18:27:54","slug":"envios","status":"publish","type":"page","link":"https:\/\/cardcun.com\/en\/envios\/","title":{"rendered":"envios"},"content":{"rendered":"<div data-elementor-type=\"wp-page\" data-elementor-id=\"2748\" class=\"elementor elementor-2748\" data-elementor-post-type=\"page\">\n\t\t\t\t\t\t<div class=\"elementor-element elementor-element-b386700 e-con e-atomic-element e-flexbox-base e-b386700-38c0b33\" data-id=\"b386700\" data-element_type=\"e-flexbox\" data-e-type=\"e-flexbox\" data-interaction-id=\"b386700\">\n\t\t\t\t<div class=\"elementor-element elementor-element-d129036 e-con e-atomic-element e-flexbox-base e-d129036-80c7897\" data-id=\"d129036\" data-element_type=\"e-flexbox\" data-e-type=\"e-flexbox\" data-interaction-id=\"d129036\">\n\t\t\t\t<div class=\"elementor-element elementor-element-1c689bf e-con e-atomic-element e-div-block-base e-1c689bf-a78d0f6\" data-id=\"1c689bf\" data-element_type=\"e-div-block\" data-e-type=\"e-div-block\" data-interaction-id=\"1c689bf\">\n\t\t\t\t\t\t\t<h2 \n\t\tdata-interaction-id=\"a504715\" \n\t\tclass=\"converted-class-1 e-a504715-8eeda48 e-heading-base\" \n\t\t \n\t\tdata-e-type=\"widget\" data-id=\"a504715\"\n\t>\n\t\n\t\t\t\ud83d\ude9a Env\u00edos y Entregas\n\t\t<\/h2>\n\t\t\t\t\t\t\t\t<p class=\"e-5cf4c19-2a35160 e-paragraph-base\" data-interaction-id=\"5cf4c19\"  data-e-type=\"widget\" data-id=\"5cf4c19\">\n\t\t\t\t\t\t\t\tRealizamos env\u00edos a todo M\u00e9xico de forma segura y confiable, para que recibas tus productos sin preocupaciones.<br><br>\ud83d\udce6 <strong id=\"e-mnt8nqsk-oiu2y4l\">Env\u00edos nacionales:<\/strong><br>Enviamos a todo M\u00e9xico a trav\u00e9s de DHL, el costo de env\u00edo se calcula autom\u00e1ticamente en la pantalla de pago<br><br>\ud83d\udccd <strong id=\"e-mnt8nqsl-emv7mqt\">Entrega local en Canc\u00fan:<\/strong><br>Puedes seleccionar recolecci\u00f3n directa en nuestra tienda en Canc\u00fan sin costo de env\u00edo<br><br>\u23f1\ufe0f <strong id=\"e-mnt8nqsl-nchqz4a\">Tiempos de entrega:<\/strong><br>DHL: 1 a 3 d\u00edas h\u00e1biles (dependiendo del destino)<br><br>\ud83d\udd27<strong id=\"e-mnt8nqsl-2nmyrv8\">Procesamiento de pedidos:<\/strong><br>Todos los pedidos se procesan dentro de las siguientes 24 horas despu\u00e9s de la compra<br><br>\ud83d\udd12 <strong id=\"e-mnt8nqsl-vib4c24\">Seguridad y garant\u00eda:<\/strong><br>Todos los env\u00edos est\u00e1n protegidosTus compras est\u00e1n respaldadas por la garant\u00eda Cardika\n\t\t\t\t\t<\/p>\n\t\t\t\t<\/div>\n\t\t\t\t<\/div>\n\t\t\t\t<\/div>\n\t\t\t\t<\/div>","protected":false},"excerpt":{"rendered":"<p>\ud83d\ude9a Env\u00edos y Entregas Realizamos env\u00edos a todo M\u00e9xico de forma segura y confiable, para que recibas tus productos sin preocupaciones. \ud83d\udce6 Env\u00edos nacionales:Enviamos a todo M\u00e9xico a trav\u00e9s de DHL, el costo de env\u00edo se calcula autom\u00e1ticamente en la pantalla de pago \ud83d\udccd Entrega local en Canc\u00fan:Puedes seleccionar recolecci\u00f3n directa en nuestra tienda en [&hellip;]<\/p>\n","protected":false},"author":3,"featured_media":0,"parent":0,"menu_order":0,"comment_status":"closed","ping_status":"closed","template":"","meta":{"footnotes":""},"class_list":["post-2748","page","type-page","status-publish","hentry"],"_links":{"self":[{"href":"https:\/\/cardcun.com\/en\/wp-json\/wp\/v2\/pages\/2748","targetHints":{"allow":["GET"]}}],"collection":[{"href":"https:\/\/cardcun.com\/en\/wp-json\/wp\/v2\/pages"}],"about":[{"href":"https:\/\/cardcun.com\/en\/wp-json\/wp\/v2\/types\/page"}],"author":[{"embeddable":true,"href":"https:\/\/cardcun.com\/en\/wp-json\/wp\/v2\/users\/3"}],"replies":[{"embeddable":true,"href":"https:\/\/cardcun.com\/en\/wp-json\/wp\/v2\/comments?post=2748"}],"version-history":[{"count":4,"href":"https:\/\/cardcun.com\/en\/wp-json\/wp\/v2\/pages\/2748\/revisions"}],"predecessor-version":[{"id":2755,"href":"https:\/\/cardcun.com\/en\/wp-json\/wp\/v2\/pages\/2748\/revisions\/2755"}],"wp:attachment":[{"href":"https:\/\/cardcun.com\/en\/wp-json\/wp\/v2\/media?parent=2748"}],"curies":[{"name":"wp","href":"https:\/\/api.w.org\/{rel}","templated":true}]}}