{"id":23,"date":"2026-04-08T16:53:21","date_gmt":"2026-04-08T21:53:21","guid":{"rendered":"https:\/\/cardcun.com\/?page_id=23"},"modified":"2026-04-10T13:46:46","modified_gmt":"2026-04-10T18:46:46","slug":"refund_returns","status":"publish","type":"page","link":"https:\/\/cardcun.com\/en\/refund_returns\/","title":{"rendered":"Pol\u00edtica de devoluciones y reembolsos"},"content":{"rendered":"<div data-elementor-type=\"wp-page\" data-elementor-id=\"23\" class=\"elementor elementor-23\" data-elementor-post-type=\"page\">\n\t\t\t\t\t\t<div class=\"elementor-element elementor-element-d02fcac e-con e-atomic-element e-flexbox-base e-d02fcac-64bf8a5\" data-id=\"d02fcac\" data-element_type=\"e-flexbox\" data-e-type=\"e-flexbox\" data-interaction-id=\"d02fcac\">\n\t\t\t\t<div class=\"elementor-element elementor-element-6db8024 e-con e-atomic-element e-flexbox-base e-6db8024-a277a01\" data-id=\"6db8024\" data-element_type=\"e-flexbox\" data-e-type=\"e-flexbox\" data-interaction-id=\"6db8024\">\n\t\t\t\t<div class=\"elementor-element elementor-element-81c0358 e-con e-atomic-element e-div-block-base e-81c0358-4add352\" data-id=\"81c0358\" data-element_type=\"e-div-block\" data-e-type=\"e-div-block\" data-interaction-id=\"81c0358\">\n\t\t\t\t\t\t\t<h2 \n\t\tdata-interaction-id=\"8655d23\" \n\t\tclass=\"converted-class-1 e-8655d23-b849209 e-heading-base\" \n\t\t \n\t\tdata-e-type=\"widget\" data-id=\"8655d23\"\n\t>\n\t\n\t\t\t\ud83d\udcc4 T\u00c9RMINOS Y CONDICIONES \u2013 CARDCUN\n\t\t<\/h2>\n\t\t\t\t\t\t\t\t<p class=\"e-2048caf-49501e2 e-paragraph-base\" data-interaction-id=\"2048caf\"  data-e-type=\"widget\" data-id=\"2048caf\">\n\t\t\t\t\t\t\t\t<strong id=\"e-mnt9bcw8-orusgk1\">1. IDENTIFICACI\u00d3N<\/strong><br>CARDCUN<br>\ud83d\udce7 info@cardcun.com<br>\ud83d\udccd Canc\u00fan, Q.R. Av. Prolongaci\u00f3n La Luna<br>SM 313 MZ-34 LT. 16-01, Col. \u00c1lamos I, 77533<br>Interior Plaza Koko<br>\ud83d\udcde 984 556 3333<br><br><strong id=\"e-mnt9bcw8-g1zh25k\">2. ACEPTACI\u00d3N DE LOS T\u00c9RMINOS<\/strong><br>Al acceder y utilizar este sitio web, usted acepta cumplir con estos T\u00e9rminos y Condiciones.Si no est\u00e1 de acuerdo, debe abstenerse de utilizar el sitio.<br><br><strong id=\"e-mnt9bcw8-lavdeeu\">3. PRODUCTOS<\/strong><br>CARDCUN comercializa:Cartas TCG (ej. Pok\u00e9mon, etc.)Productos selladosAccesoriosTodos los productos est\u00e1n sujetos a disponibilidad.<br><br><strong id=\"e-mnt9bcw8-cbn0q96\">4. PRECIOS<\/strong><br>Los precios pueden cambiar sin previo aviso.CARDCUN se reserva el derecho de modificar o descontinuar productos en cualquier momento.<br><br><strong id=\"e-mnt9bcw8-silst6e\">5. PAGOS<\/strong><br>Los pagos se procesan mediante <strong id=\"e-mnt9bcw8-hxda86r\">Mercado Pago<\/strong>.CARDCUN no almacena datos bancarios del cliente.<br><br><strong id=\"e-mnt9bcw8-wg03v3s\">6. ENV\u00cdOS<\/strong><br>Solo realizamos env\u00edos dentro de M\u00e9xicoProcesamiento: <strong id=\"e-mnt9bcw8-cjw7dw2\">1 a 3 d\u00edas h\u00e1biles<\/strong>Entrega: <strong id=\"e-mnt9bcw8-0aq6m98\">2 a 5 d\u00edas h\u00e1biles<\/strong>Los tiempos pueden variar por factores externos (paqueter\u00eda).<br><br><strong id=\"e-mnt9bcw8-utf88e3\">7. DEVOLUCIONES Y CAMBIOS<\/strong><br><strong id=\"e-mnt9bcw8-7zl7co4\">No se aceptan devoluciones ni cambios.<\/strong>Todas las ventas son finales, sin excepci\u00f3n.<br><br><strong id=\"e-mnt9bcw8-tao8jqo\">8. USO DEL SITIO<\/strong><br>Queda prohibido:Usar el sitio para actividades ilegalesAlterar o hackear el sitioUsar informaci\u00f3n con fines fraudulentos<br><br><strong id=\"e-mnt9bcw8-da1twhi\">9. PROPIEDAD INTELECTUAL<\/strong><br>Todo el contenido del sitio (im\u00e1genes, textos, marca) es propiedad de CARDCUN y no puede ser utilizado sin autorizaci\u00f3n.<br><br><strong id=\"e-mnt9bcw8-teyl4tw\">10. LIMITACI\u00d3N DE RESPONSABILIDAD<\/strong><br>CARDCUN no se hace responsable por:Errores en el sitioRetrasos de env\u00edo por tercerosUso indebido de los productos<br><br><strong id=\"e-mnt9bcw8-ydkqwgp\">11. MODIFICACIONES<\/strong><br>CARDCUN puede actualizar estos t\u00e9rminos en cualquier momento.<br><br><strong id=\"e-mnt9bcw8-pvnq4fs\">12. LEY APLICABLE<\/strong><br>Estos t\u00e9rminos se rigen por las leyes de M\u00e9xico.\n\t\t\t\t\t<\/p>\n\t\t\t\t<\/div>\n\t\t\t\t<\/div>\n\t\t\t\t<\/div>\n\t\t\t\t<\/div>","protected":false},"excerpt":{"rendered":"<p>\ud83d\udcc4 T\u00c9RMINOS Y CONDICIONES \u2013 CARDCUN 1. IDENTIFICACI\u00d3NCARDCUN\ud83d\udce7 info@cardcun.com\ud83d\udccd Canc\u00fan, Q.R. Av. Prolongaci\u00f3n La LunaSM 313 MZ-34 LT. 16-01, Col. \u00c1lamos I, 77533Interior Plaza Koko\ud83d\udcde 984 556 3333 2. ACEPTACI\u00d3N DE LOS T\u00c9RMINOSAl acceder y utilizar este sitio web, usted acepta cumplir con estos T\u00e9rminos y Condiciones.Si no est\u00e1 de acuerdo, debe abstenerse de utilizar [&hellip;]<\/p>\n","protected":false},"author":3,"featured_media":0,"parent":0,"menu_order":0,"comment_status":"closed","ping_status":"closed","template":"","meta":{"footnotes":""},"class_list":["post-23","page","type-page","status-publish","hentry"],"_links":{"self":[{"href":"https:\/\/cardcun.com\/en\/wp-json\/wp\/v2\/pages\/23","targetHints":{"allow":["GET"]}}],"collection":[{"href":"https:\/\/cardcun.com\/en\/wp-json\/wp\/v2\/pages"}],"about":[{"href":"https:\/\/cardcun.com\/en\/wp-json\/wp\/v2\/types\/page"}],"author":[{"embeddable":true,"href":"https:\/\/cardcun.com\/en\/wp-json\/wp\/v2\/users\/3"}],"replies":[{"embeddable":true,"href":"https:\/\/cardcun.com\/en\/wp-json\/wp\/v2\/comments?post=23"}],"version-history":[{"count":7,"href":"https:\/\/cardcun.com\/en\/wp-json\/wp\/v2\/pages\/23\/revisions"}],"predecessor-version":[{"id":2763,"href":"https:\/\/cardcun.com\/en\/wp-json\/wp\/v2\/pages\/23\/revisions\/2763"}],"wp:attachment":[{"href":"https:\/\/cardcun.com\/en\/wp-json\/wp\/v2\/media?parent=23"}],"curies":[{"name":"wp","href":"https:\/\/api.w.org\/{rel}","templated":true}]}}